{"id":2077,"date":"2025-01-17T14:52:07","date_gmt":"2025-01-17T14:52:07","guid":{"rendered":"https:\/\/v2.spacere.com.br\/?page_id=2077"},"modified":"2025-10-16T09:21:05","modified_gmt":"2025-10-16T09:21:05","slug":"area-restrita","status":"publish","type":"page","link":"https:\/\/space.vauss.com.br\/en\/area-restrita\/","title":{"rendered":"Restricted Area"},"content":{"rendered":"<div data-elementor-type=\"wp-page\" data-elementor-id=\"2077\" class=\"elementor elementor-2077\" data-elementor-settings=\"{&quot;ha_cmc_init_switcher&quot;:&quot;no&quot;}\" data-elementor-post-type=\"page\">\n\t\t\t\t<div class=\"elementor-element elementor-element-5c1b957 animated-slow elementor-hidden-tablet elementor-hidden-mobile e-flex e-con-boxed elementor-invisible e-con e-parent\" data-id=\"5c1b957\" data-element_type=\"container\" data-e-type=\"container\" data-settings=\"{&quot;background_background&quot;:&quot;gradient&quot;,&quot;animation&quot;:&quot;fadeInUp&quot;,&quot;_ha_eqh_enable&quot;:false}\">\n\t\t\t\t\t<div class=\"e-con-inner\">\n\t\t<div class=\"elementor-element elementor-element-3daeac5 e-con-full e-flex e-con e-child\" data-id=\"3daeac5\" data-element_type=\"container\" data-e-type=\"container\" data-settings=\"{&quot;_ha_eqh_enable&quot;:false}\">\n\t\t\t\t<div class=\"elementor-element elementor-element-74e9462 elementor-align-center elementor-widget elementor-widget-button\" data-id=\"74e9462\" data-element_type=\"widget\" data-e-type=\"widget\" data-widget_type=\"button.default\">\n\t\t\t\t<div class=\"elementor-widget-container\">\n\t\t\t\t\t\t\t\t\t<div class=\"elementor-button-wrapper\">\n\t\t\t\t\t<a class=\"elementor-button elementor-button-link elementor-size-sm elementor-animation-shrink\" href=\"https:\/\/space.vauss.com.br\/en\/escritorios\/\">\n\t\t\t\t\t\t<span class=\"elementor-button-content-wrapper\">\n\t\t\t\t\t\t\t\t\t<span class=\"elementor-button-text\">Offices<\/span>\n\t\t\t\t\t<\/span>\n\t\t\t\t\t<\/a>\n\t\t\t\t<\/div>\n\t\t\t\t\t\t\t\t<\/div>\n\t\t\t\t<\/div>\n\t\t\t\t<\/div>\n\t\t<div class=\"elementor-element elementor-element-88cd6b8 e-con-full e-flex e-con e-child\" data-id=\"88cd6b8\" data-element_type=\"container\" data-e-type=\"container\" data-settings=\"{&quot;_ha_eqh_enable&quot;:false}\">\n\t\t\t\t<div class=\"elementor-element elementor-element-f3ac321 elementor-align-center elementor-widget elementor-widget-button\" data-id=\"f3ac321\" data-element_type=\"widget\" data-e-type=\"widget\" data-widget_type=\"button.default\">\n\t\t\t\t<div class=\"elementor-widget-container\">\n\t\t\t\t\t\t\t\t\t<div class=\"elementor-button-wrapper\">\n\t\t\t\t\t<a class=\"elementor-button elementor-button-link elementor-size-sm elementor-animation-shrink\" href=\"https:\/\/space.vauss.com.br\/en\/gerenciamento-de-projetos-e-obras\/\">\n\t\t\t\t\t\t<span class=\"elementor-button-content-wrapper\">\n\t\t\t\t\t\t\t\t\t<span class=\"elementor-button-text\">Project and construction Management<\/span>\n\t\t\t\t\t<\/span>\n\t\t\t\t\t<\/a>\n\t\t\t\t<\/div>\n\t\t\t\t\t\t\t\t<\/div>\n\t\t\t\t<\/div>\n\t\t\t\t<\/div>\n\t\t<div class=\"elementor-element elementor-element-3a21e28 e-con-full e-flex e-con e-child\" data-id=\"3a21e28\" data-element_type=\"container\" data-e-type=\"container\" data-settings=\"{&quot;_ha_eqh_enable&quot;:false}\">\n\t\t\t\t<div class=\"elementor-element elementor-element-f90afa6 elementor-align-center elementor-widget elementor-widget-button\" data-id=\"f90afa6\" data-element_type=\"widget\" data-e-type=\"widget\" data-widget_type=\"button.default\">\n\t\t\t\t<div class=\"elementor-widget-container\">\n\t\t\t\t\t\t\t\t\t<div class=\"elementor-button-wrapper\">\n\t\t\t\t\t<a class=\"elementor-button elementor-button-link elementor-size-sm elementor-animation-shrink\" href=\"https:\/\/space.vauss.com.br\/en\/industrial-e-logistico\/\">\n\t\t\t\t\t\t<span class=\"elementor-button-content-wrapper\">\n\t\t\t\t\t\t\t\t\t<span class=\"elementor-button-text\">Industrial and Logistics<\/span>\n\t\t\t\t\t<\/span>\n\t\t\t\t\t<\/a>\n\t\t\t\t<\/div>\n\t\t\t\t\t\t\t\t<\/div>\n\t\t\t\t<\/div>\n\t\t\t\t<\/div>\n\t\t<div class=\"elementor-element elementor-element-9c3a7cb e-con-full e-flex e-con e-child\" data-id=\"9c3a7cb\" data-element_type=\"container\" data-e-type=\"container\" data-settings=\"{&quot;_ha_eqh_enable&quot;:false}\">\n\t\t\t\t<div class=\"elementor-element elementor-element-70a6e82 elementor-align-center elementor-widget elementor-widget-button\" data-id=\"70a6e82\" data-element_type=\"widget\" data-e-type=\"widget\" data-widget_type=\"button.default\">\n\t\t\t\t<div class=\"elementor-widget-container\">\n\t\t\t\t\t\t\t\t\t<div class=\"elementor-button-wrapper\">\n\t\t\t\t\t<a class=\"elementor-button elementor-button-link elementor-size-sm elementor-animation-shrink\" href=\"https:\/\/space.vauss.com.br\/en\/capital-market\/\">\n\t\t\t\t\t\t<span class=\"elementor-button-content-wrapper\">\n\t\t\t\t\t\t\t\t\t<span class=\"elementor-button-text\">capital market<\/span>\n\t\t\t\t\t<\/span>\n\t\t\t\t\t<\/a>\n\t\t\t\t<\/div>\n\t\t\t\t\t\t\t\t<\/div>\n\t\t\t\t<\/div>\n\t\t\t\t<\/div>\n\t\t<div class=\"elementor-element elementor-element-39cbd7a e-con-full e-flex e-con e-child\" data-id=\"39cbd7a\" data-element_type=\"container\" data-e-type=\"container\" data-settings=\"{&quot;_ha_eqh_enable&quot;:false}\">\n\t\t\t\t<div class=\"elementor-element elementor-element-139806b elementor-align-center elementor-widget elementor-widget-button\" data-id=\"139806b\" data-element_type=\"widget\" data-e-type=\"widget\" data-widget_type=\"button.default\">\n\t\t\t\t<div class=\"elementor-widget-container\">\n\t\t\t\t\t\t\t\t\t<div class=\"elementor-button-wrapper\">\n\t\t\t\t\t<a class=\"elementor-button elementor-button-link elementor-size-sm elementor-animation-shrink\" href=\"https:\/\/space.vauss.com.br\/en\/pesquisa-e-avaliacao\/\">\n\t\t\t\t\t\t<span class=\"elementor-button-content-wrapper\">\n\t\t\t\t\t\t\t\t\t<span class=\"elementor-button-text\">Research and Assessment<\/span>\n\t\t\t\t\t<\/span>\n\t\t\t\t\t<\/a>\n\t\t\t\t<\/div>\n\t\t\t\t\t\t\t\t<\/div>\n\t\t\t\t<\/div>\n\t\t\t\t<\/div>\n\t\t<div class=\"elementor-element elementor-element-6093a09 e-con-full e-flex e-con e-child\" data-id=\"6093a09\" data-element_type=\"container\" data-e-type=\"container\" data-settings=\"{&quot;_ha_eqh_enable&quot;:false}\">\n\t\t\t\t<div class=\"elementor-element elementor-element-81007de elementor-align-center elementor-widget elementor-widget-button\" data-id=\"81007de\" data-element_type=\"widget\" data-e-type=\"widget\" data-widget_type=\"button.default\">\n\t\t\t\t<div class=\"elementor-widget-container\">\n\t\t\t\t\t\t\t\t\t<div class=\"elementor-button-wrapper\">\n\t\t\t\t\t<a class=\"elementor-button elementor-button-link elementor-size-sm elementor-animation-shrink\" href=\"https:\/\/space.vauss.com.br\/en\/varejo\/\">\n\t\t\t\t\t\t<span class=\"elementor-button-content-wrapper\">\n\t\t\t\t\t\t\t\t\t<span class=\"elementor-button-text\">Retail<\/span>\n\t\t\t\t\t<\/span>\n\t\t\t\t\t<\/a>\n\t\t\t\t<\/div>\n\t\t\t\t\t\t\t\t<\/div>\n\t\t\t\t<\/div>\n\t\t\t\t<\/div>\n\t\t<div class=\"elementor-element elementor-element-8cc282d e-con-full e-flex e-con e-child\" data-id=\"8cc282d\" data-element_type=\"container\" data-e-type=\"container\" data-settings=\"{&quot;_ha_eqh_enable&quot;:false}\">\n\t\t\t\t<div class=\"elementor-element elementor-element-ccb65b8 elementor-align-center elementor-widget elementor-widget-button\" data-id=\"ccb65b8\" data-element_type=\"widget\" data-e-type=\"widget\" data-widget_type=\"button.default\">\n\t\t\t\t<div class=\"elementor-widget-container\">\n\t\t\t\t\t\t\t\t\t<div class=\"elementor-button-wrapper\">\n\t\t\t\t\t<a class=\"elementor-button elementor-button-link elementor-size-sm elementor-animation-shrink\" href=\"https:\/\/space.vauss.com.br\/en\/renovacao-e-renegociacao-de-contratos\/\">\n\t\t\t\t\t\t<span class=\"elementor-button-content-wrapper\">\n\t\t\t\t\t\t\t\t\t<span class=\"elementor-button-text\">renewal and renegotiation of contracts<\/span>\n\t\t\t\t\t<\/span>\n\t\t\t\t\t<\/a>\n\t\t\t\t<\/div>\n\t\t\t\t\t\t\t\t<\/div>\n\t\t\t\t<\/div>\n\t\t\t\t<\/div>\n\t\t<div class=\"elementor-element elementor-element-edca6b5 e-con-full e-flex e-con e-child\" data-id=\"edca6b5\" data-element_type=\"container\" data-e-type=\"container\" data-settings=\"{&quot;_ha_eqh_enable&quot;:false}\">\n\t\t\t\t<div class=\"elementor-element elementor-element-1e51ca7 elementor-align-center elementor-widget elementor-widget-button\" data-id=\"1e51ca7\" data-element_type=\"widget\" data-e-type=\"widget\" data-widget_type=\"button.default\">\n\t\t\t\t<div class=\"elementor-widget-container\">\n\t\t\t\t\t\t\t\t\t<div class=\"elementor-button-wrapper\">\n\t\t\t\t\t<a class=\"elementor-button elementor-button-link elementor-size-sm elementor-animation-shrink\" href=\"https:\/\/space.vauss.com.br\/en\/gerenciamento-de-facilities\/\">\n\t\t\t\t\t\t<span class=\"elementor-button-content-wrapper\">\n\t\t\t\t\t\t\t\t\t<span class=\"elementor-button-text\">Facilities Management<\/span>\n\t\t\t\t\t<\/span>\n\t\t\t\t\t<\/a>\n\t\t\t\t<\/div>\n\t\t\t\t\t\t\t\t<\/div>\n\t\t\t\t<\/div>\n\t\t\t\t<\/div>\n\t\t<div class=\"elementor-element elementor-element-dc6aa25 e-con-full e-flex e-con e-child\" data-id=\"dc6aa25\" data-element_type=\"container\" data-e-type=\"container\" data-settings=\"{&quot;_ha_eqh_enable&quot;:false}\">\n\t\t\t\t<div class=\"elementor-element elementor-element-4fbf8f1 elementor-align-center elementor-widget elementor-widget-button\" data-id=\"4fbf8f1\" data-element_type=\"widget\" data-e-type=\"widget\" data-widget_type=\"button.default\">\n\t\t\t\t<div class=\"elementor-widget-container\">\n\t\t\t\t\t\t\t\t\t<div class=\"elementor-button-wrapper\">\n\t\t\t\t\t<a class=\"elementor-button elementor-button-link elementor-size-sm elementor-animation-shrink\" href=\"https:\/\/space.vauss.com.br\/en\/gerenciamento-de-ativos-e-adm-condominal\/\">\n\t\t\t\t\t\t<span class=\"elementor-button-content-wrapper\">\n\t\t\t\t\t\t\t\t\t<span class=\"elementor-button-text\">Asset Management and Administration<\/span>\n\t\t\t\t\t<\/span>\n\t\t\t\t\t<\/a>\n\t\t\t\t<\/div>\n\t\t\t\t\t\t\t\t<\/div>\n\t\t\t\t<\/div>\n\t\t\t\t<\/div>\n\t\t\t\t\t<\/div>\n\t\t\t\t<\/div>\n\t\t\t\t<section class=\"elementor-section elementor-top-section elementor-element elementor-element-bbae504 elementor-section-boxed elementor-section-height-default elementor-section-height-default\" data-id=\"bbae504\" data-element_type=\"section\" data-e-type=\"section\" data-settings=\"{&quot;background_background&quot;:&quot;gradient&quot;,&quot;_ha_eqh_enable&quot;:false}\">\n\t\t\t\t\t\t\t<div class=\"elementor-background-overlay\"><\/div>\n\t\t\t\t\t\t\t<div class=\"elementor-container elementor-column-gap-default\">\n\t\t\t\t\t<div class=\"elementor-column elementor-col-100 elementor-top-column elementor-element elementor-element-7946a25\" data-id=\"7946a25\" data-element_type=\"column\" data-e-type=\"column\">\n\t\t\t<div class=\"elementor-widget-wrap elementor-element-populated\">\n\t\t\t\t\t\t<div class=\"elementor-element elementor-element-85a56b9 elementor-widget elementor-widget-heading\" data-id=\"85a56b9\" data-element_type=\"widget\" data-e-type=\"widget\" data-widget_type=\"heading.default\">\n\t\t\t\t<div class=\"elementor-widget-container\">\n\t\t\t\t\t<h4 class=\"elementor-heading-title elementor-size-default\">Excellence in real estate business: building trust and solid results<\/h4>\t\t\t\t<\/div>\n\t\t\t\t<\/div>\n\t\t\t\t\t<\/div>\n\t\t<\/div>\n\t\t\t\t\t<\/div>\n\t\t<\/section>\n\t\t<div class=\"elementor-element elementor-element-b11821c e-con-full e-flex e-con e-parent\" data-id=\"b11821c\" data-element_type=\"container\" data-e-type=\"container\" data-settings=\"{&quot;_ha_eqh_enable&quot;:false}\">\n\t\t<div class=\"elementor-element elementor-element-1dc3e25 e-flex e-con-boxed e-con e-child\" data-id=\"1dc3e25\" data-element_type=\"container\" data-e-type=\"container\" data-settings=\"{&quot;_ha_eqh_enable&quot;:false}\">\n\t\t\t\t\t<div class=\"e-con-inner\">\n\t\t\t\t<div class=\"elementor-element elementor-element-1a4f674 elementor-widget elementor-widget-html\" data-id=\"1a4f674\" data-element_type=\"widget\" data-e-type=\"widget\" data-widget_type=\"html.default\">\n\t\t\t\t<div class=\"elementor-widget-container\">\n\t\t\t\t\t<div class=\"space-login-wrapper\">\r\n  <div class=\"space-side space-left\">\r\n    <div class=\"space-left-content\">\r\n      <img decoding=\"async\" src=\"https:\/\/space.vauss.com.br\/wp-content\/uploads\/2025\/10\/logo-branco-area.png\" alt=\"Space Re\" class=\"space-logo-white\" \/>\r\n      <h1>Hello! \ud83d\udc4b<\/h1>\r\n      <h2>Space Restricted Area<\/h2>\r\n      <p class=\"translation-block\">We are preparing a new exclusive environment for partners and collaborators.<br>\nSoon, you\u2019ll be able to access information, reports, and tools directly here.<\/p>\r\n      <span class=\"soon\">\ud83d\udea7 Coming soon<\/span>\r\n    <\/div>\r\n  <\/div>\r\n\r\n  <div class=\"space-side space-right\">\r\n    <div class=\"space-form-container\">\r\n      <h3>Welcome!<\/h3>\r\n      <p class=\"subtext translation-block\">The Restricted Area is not yet operational.<br> Please stay tuned for updates soon!<\/p>\r\n\r\n      <form class=\"space-form\" action=\"\">\r\n        <input type=\"text\" placeholder=\"User\" disabled \/>\r\n        <input type=\"password\" placeholder=\"Password\" disabled \/>\r\n        <button type=\"button\" disabled>Login<\/button>\r\n      <input type=\"hidden\" name=\"trp-form-language\" value=\"en\"\/><\/form>\r\n\r\n      <p class=\"note\">The login will soon be active for authorized access.<\/p>\r\n    <\/div>\r\n  <\/div>\r\n<\/div>\r\n\r\n<style>\r\n  body {\r\n    margin: 0;\r\n    font-family: \"Poppins\", Arial, sans-serif;\r\n    background: #f5f7fb;\r\n  }\r\n\r\n  .space-login-wrapper {\r\n    display: flex;\r\n    height: 100vh;\r\n    overflow: hidden;\r\n  }\r\n\r\n  \/* ===== Lado esquerdo (azul claro atualizado) ===== *\/\r\n  .space-left {\r\n    flex: 1;\r\n    background: linear-gradient(135deg, #3ea1ff, #298df3);\r\n    color: #fff;\r\n    display: flex;\r\n    align-items: center;\r\n    justify-content: center;\r\n    padding: 60px;\r\n    text-align: left;\r\n  }\r\n\r\n  .space-left-content {\r\n    max-width: 420px;\r\n  }\r\n\r\n  .space-logo-white {\r\n    width: 140px;\r\n    margin-bottom: 40px;\r\n  }\r\n\r\n  .space-left-content h1 {\r\n    font-size: 2.2rem;\r\n    font-weight: 700;\r\n    margin: 0 0 10px 0;\r\n  }\r\n\r\n  .space-left-content h2 {\r\n    font-size: 1.4rem;\r\n    font-weight: 500;\r\n    margin: 0 0 20px 0;\r\n  }\r\n\r\n  .space-left-content p {\r\n    font-size: 1rem;\r\n    line-height: 1.6;\r\n    opacity: 0.95;\r\n    margin-bottom: 20px;\r\n  }\r\n\r\n  .soon {\r\n    background: rgba(255, 255, 255, 0.15);\r\n    padding: 8px 14px;\r\n    border-radius: 8px;\r\n    font-size: 0.9rem;\r\n    display: inline-block;\r\n  }\r\n\r\n  \/* ===== Lado direito ===== *\/\r\n  .space-right {\r\n    flex: 1;\r\n    background: #ffffff;\r\n    display: flex;\r\n    align-items: center;\r\n    justify-content: center;\r\n    padding: 60px;\r\n  }\r\n\r\n  .space-form-container {\r\n    max-width: 380px;\r\n    width: 100%;\r\n    text-align: center;\r\n  }\r\n\r\n  .space-form-container h3 {\r\n    font-size: 1.6rem;\r\n    color: #0c0c0c;\r\n    margin-bottom: 10px;\r\n  }\r\n\r\n  .subtext {\r\n    font-size: 0.95rem;\r\n    color: #44454b;\r\n    margin-bottom: 40px;\r\n  }\r\n\r\n  .space-form input {\r\n    width: 100%;\r\n    padding: 12px 14px;\r\n    border: 1px solid #dce2f0;\r\n    border-radius: 8px;\r\n    background: #f8f9ff;\r\n    margin-bottom: 14px;\r\n    font-size: 0.95rem;\r\n    color: #0c0c0c;\r\n  }\r\n\r\n  .space-form button {\r\n    width: 100%;\r\n    background: #3497F9;\r\n    color: #fff;\r\n    border: none;\r\n    padding: 12px 0;\r\n    border-radius: 20px;\r\n    font-weight: 600;\r\n    cursor: not-allowed;\r\n    opacity: 1;\r\n  }\r\n\r\n  .note {\r\n    font-size: 0.85rem;\r\n    color: #44454b;\r\n    margin-top: 20px;\r\n  }\r\n\r\n  \/* ===== Responsivo ===== *\/\r\n  @media (max-width: 900px) {\r\n    .space-login-wrapper {\r\n      flex-direction: column;\r\n      height: auto;\r\n    }\r\n\r\n    .space-left, .space-right {\r\n      width: 100%;\r\n      min-height: 400px;\r\n    }\r\n\r\n    .space-left {\r\n      text-align: center;\r\n    }\r\n\r\n    .space-left-content {\r\n      max-width: 90%;\r\n    }\r\n  }\r\n<\/style>\r\n\t\t\t\t<\/div>\n\t\t\t\t<\/div>\n\t\t\t\t\t<\/div>\n\t\t\t\t<\/div>\n\t\t\t\t<\/div>\n\t\t\t\t<\/div>","protected":false},"excerpt":{"rendered":"<p>Escrit\u00f3rios gerenciamento de projetos e obras industrial e log\u00edstico mercado de capitais pesquisa e avalia\u00e7\u00e3o varejo renova\u00e7\u00e3o e renegocia\u00e7\u00e3o de contratos gerenciamento de facilities gerenciamento e administra\u00e7\u00e3o de ativos Excel\u00eancia em neg\u00f3cios imobili\u00e1rios: construindo confian\u00e7a e resultados s\u00f3lidos. Ol\u00e1! \ud83d\udc4b \u00c1rea Restrita Space Estamos preparando um novo ambiente exclusivo para parceiros e colaboradores. Em breve, [&hellip;]<\/p>\n","protected":false},"author":1,"featured_media":1423,"parent":0,"menu_order":0,"comment_status":"closed","ping_status":"closed","template":"elementor_header_footer","meta":{"_acf_changed":false,"footnotes":""},"class_list":["post-2077","page","type-page","status-publish","has-post-thumbnail","hentry"],"acf":[],"yoast_head":"<!-- This site is optimized with the Yoast SEO plugin v27.6 - https:\/\/yoast.com\/product\/yoast-seo-wordpress\/ -->\n<title>\u00c1rea Restrita \u2013 Login<\/title>\n<meta name=\"description\" content=\"Acesse sua \u00e1rea restrita com seguran\u00e7a e praticidade. Espa\u00e7o para clientes e parceiros da Space acompanharem documentos, relat\u00f3rios e projetos.\" \/>\n<meta name=\"robots\" content=\"index, follow, max-snippet:-1, max-image-preview:large, max-video-preview:-1\" \/>\n<link rel=\"canonical\" href=\"https:\/\/space.vauss.com.br\/en\/area-restrita\/\" \/>\n<meta property=\"og:locale\" content=\"en_US\" \/>\n<meta property=\"og:type\" content=\"article\" \/>\n<meta property=\"og:title\" content=\"\u00c1rea Restrita \u2013 Login\" \/>\n<meta property=\"og:description\" content=\"Acesse sua \u00e1rea restrita com seguran\u00e7a e praticidade. Espa\u00e7o para clientes e parceiros da Space acompanharem documentos, relat\u00f3rios e projetos.\" \/>\n<meta property=\"og:url\" content=\"https:\/\/space.vauss.com.br\/en\/area-restrita\/\" \/>\n<meta property=\"og:site_name\" content=\"Space\" \/>\n<meta property=\"article:modified_time\" content=\"2025-10-16T09:21:05+00:00\" \/>\n<meta property=\"og:image\" content=\"https:\/\/space.vauss.com.br\/wp-content\/uploads\/2024\/12\/space.jpg\" \/>\n\t<meta property=\"og:image:width\" content=\"1280\" \/>\n\t<meta property=\"og:image:height\" content=\"853\" \/>\n\t<meta property=\"og:image:type\" content=\"image\/jpeg\" \/>\n<meta name=\"twitter:card\" content=\"summary_large_image\" \/>\n<meta name=\"twitter:label1\" content=\"Est. reading time\" \/>\n\t<meta name=\"twitter:data1\" content=\"1 minute\" \/>\n<script type=\"application\/ld+json\" class=\"yoast-schema-graph\">{\"@context\":\"https:\\\/\\\/schema.org\",\"@graph\":[{\"@type\":\"WebPage\",\"@id\":\"https:\\\/\\\/space.vauss.com.br\\\/area-restrita\\\/\",\"url\":\"https:\\\/\\\/space.vauss.com.br\\\/area-restrita\\\/\",\"name\":\"\u00c1rea Restrita \u2013 Login\",\"isPartOf\":{\"@id\":\"https:\\\/\\\/space.vauss.com.br\\\/#website\"},\"primaryImageOfPage\":{\"@id\":\"https:\\\/\\\/space.vauss.com.br\\\/area-restrita\\\/#primaryimage\"},\"image\":{\"@id\":\"https:\\\/\\\/space.vauss.com.br\\\/area-restrita\\\/#primaryimage\"},\"thumbnailUrl\":\"https:\\\/\\\/space.vauss.com.br\\\/wp-content\\\/uploads\\\/2024\\\/12\\\/space.jpg\",\"datePublished\":\"2025-01-17T14:52:07+00:00\",\"dateModified\":\"2025-10-16T09:21:05+00:00\",\"description\":\"Acesse sua \u00e1rea restrita com seguran\u00e7a e praticidade. Espa\u00e7o para clientes e parceiros da Space acompanharem documentos, relat\u00f3rios e projetos.\",\"breadcrumb\":{\"@id\":\"https:\\\/\\\/space.vauss.com.br\\\/area-restrita\\\/#breadcrumb\"},\"inLanguage\":\"en-US\",\"potentialAction\":[{\"@type\":\"ReadAction\",\"target\":[\"https:\\\/\\\/space.vauss.com.br\\\/area-restrita\\\/\"]}]},{\"@type\":\"ImageObject\",\"inLanguage\":\"en-US\",\"@id\":\"https:\\\/\\\/space.vauss.com.br\\\/area-restrita\\\/#primaryimage\",\"url\":\"https:\\\/\\\/space.vauss.com.br\\\/wp-content\\\/uploads\\\/2024\\\/12\\\/space.jpg\",\"contentUrl\":\"https:\\\/\\\/space.vauss.com.br\\\/wp-content\\\/uploads\\\/2024\\\/12\\\/space.jpg\",\"width\":1280,\"height\":853,\"caption\":\"Consultoria Imobili\u00e1ria\"},{\"@type\":\"BreadcrumbList\",\"@id\":\"https:\\\/\\\/space.vauss.com.br\\\/area-restrita\\\/#breadcrumb\",\"itemListElement\":[{\"@type\":\"ListItem\",\"position\":1,\"name\":\"Home\",\"item\":\"https:\\\/\\\/space.vauss.com.br\\\/\"},{\"@type\":\"ListItem\",\"position\":2,\"name\":\"\u00c1rea Restrita\"}]},{\"@type\":\"WebSite\",\"@id\":\"https:\\\/\\\/space.vauss.com.br\\\/#website\",\"url\":\"https:\\\/\\\/space.vauss.com.br\\\/\",\"name\":\"Space - Excel\u00eancia em neg\u00f3cios imobili\u00e1rios\",\"description\":\"Excel\u00eancia em Neg\u00f3cios Imobili\u00e1rios\",\"potentialAction\":[{\"@type\":\"SearchAction\",\"target\":{\"@type\":\"EntryPoint\",\"urlTemplate\":\"https:\\\/\\\/space.vauss.com.br\\\/?s={search_term_string}\"},\"query-input\":{\"@type\":\"PropertyValueSpecification\",\"valueRequired\":true,\"valueName\":\"search_term_string\"}}],\"inLanguage\":\"en-US\"}]}<\/script>\n<!-- \/ Yoast SEO plugin. -->","yoast_head_json":{"title":"\u00c1rea Restrita \u2013 Login","description":"Acesse sua \u00e1rea restrita com seguran\u00e7a e praticidade. Espa\u00e7o para clientes e parceiros da Space acompanharem documentos, relat\u00f3rios e projetos.","robots":{"index":"index","follow":"follow","max-snippet":"max-snippet:-1","max-image-preview":"max-image-preview:large","max-video-preview":"max-video-preview:-1"},"canonical":"https:\/\/space.vauss.com.br\/en\/area-restrita\/","og_locale":"en_US","og_type":"article","og_title":"\u00c1rea Restrita \u2013 Login","og_description":"Acesse sua \u00e1rea restrita com seguran\u00e7a e praticidade. Espa\u00e7o para clientes e parceiros da Space acompanharem documentos, relat\u00f3rios e projetos.","og_url":"https:\/\/space.vauss.com.br\/en\/area-restrita\/","og_site_name":"Space","article_modified_time":"2025-10-16T09:21:05+00:00","og_image":[{"width":1280,"height":853,"url":"https:\/\/space.vauss.com.br\/wp-content\/uploads\/2024\/12\/space.jpg","type":"image\/jpeg"}],"twitter_card":"summary_large_image","twitter_misc":{"Est. reading time":"1 minute"},"schema":{"@context":"https:\/\/schema.org","@graph":[{"@type":"WebPage","@id":"https:\/\/space.vauss.com.br\/area-restrita\/","url":"https:\/\/space.vauss.com.br\/area-restrita\/","name":"\u00c1rea Restrita \u2013 Login","isPartOf":{"@id":"https:\/\/space.vauss.com.br\/#website"},"primaryImageOfPage":{"@id":"https:\/\/space.vauss.com.br\/area-restrita\/#primaryimage"},"image":{"@id":"https:\/\/space.vauss.com.br\/area-restrita\/#primaryimage"},"thumbnailUrl":"https:\/\/space.vauss.com.br\/wp-content\/uploads\/2024\/12\/space.jpg","datePublished":"2025-01-17T14:52:07+00:00","dateModified":"2025-10-16T09:21:05+00:00","description":"Acesse sua \u00e1rea restrita com seguran\u00e7a e praticidade. Espa\u00e7o para clientes e parceiros da Space acompanharem documentos, relat\u00f3rios e projetos.","breadcrumb":{"@id":"https:\/\/space.vauss.com.br\/area-restrita\/#breadcrumb"},"inLanguage":"en-US","potentialAction":[{"@type":"ReadAction","target":["https:\/\/space.vauss.com.br\/area-restrita\/"]}]},{"@type":"ImageObject","inLanguage":"en-US","@id":"https:\/\/space.vauss.com.br\/area-restrita\/#primaryimage","url":"https:\/\/space.vauss.com.br\/wp-content\/uploads\/2024\/12\/space.jpg","contentUrl":"https:\/\/space.vauss.com.br\/wp-content\/uploads\/2024\/12\/space.jpg","width":1280,"height":853,"caption":"Consultoria Imobili\u00e1ria"},{"@type":"BreadcrumbList","@id":"https:\/\/space.vauss.com.br\/area-restrita\/#breadcrumb","itemListElement":[{"@type":"ListItem","position":1,"name":"Home","item":"https:\/\/space.vauss.com.br\/"},{"@type":"ListItem","position":2,"name":"\u00c1rea Restrita"}]},{"@type":"WebSite","@id":"https:\/\/space.vauss.com.br\/#website","url":"https:\/\/space.vauss.com.br\/","name":"Space - Excel\u00eancia em neg\u00f3cios imobili\u00e1rios","description":"Excel\u00eancia em Neg\u00f3cios Imobili\u00e1rios","potentialAction":[{"@type":"SearchAction","target":{"@type":"EntryPoint","urlTemplate":"https:\/\/space.vauss.com.br\/?s={search_term_string}"},"query-input":{"@type":"PropertyValueSpecification","valueRequired":true,"valueName":"search_term_string"}}],"inLanguage":"en-US"}]}},"_links":{"self":[{"href":"https:\/\/space.vauss.com.br\/en\/wp-json\/wp\/v2\/pages\/2077","targetHints":{"allow":["GET"]}}],"collection":[{"href":"https:\/\/space.vauss.com.br\/en\/wp-json\/wp\/v2\/pages"}],"about":[{"href":"https:\/\/space.vauss.com.br\/en\/wp-json\/wp\/v2\/types\/page"}],"author":[{"embeddable":true,"href":"https:\/\/space.vauss.com.br\/en\/wp-json\/wp\/v2\/users\/1"}],"replies":[{"embeddable":true,"href":"https:\/\/space.vauss.com.br\/en\/wp-json\/wp\/v2\/comments?post=2077"}],"version-history":[{"count":5,"href":"https:\/\/space.vauss.com.br\/en\/wp-json\/wp\/v2\/pages\/2077\/revisions"}],"predecessor-version":[{"id":4892,"href":"https:\/\/space.vauss.com.br\/en\/wp-json\/wp\/v2\/pages\/2077\/revisions\/4892"}],"wp:featuredmedia":[{"embeddable":true,"href":"https:\/\/space.vauss.com.br\/en\/wp-json\/wp\/v2\/media\/1423"}],"wp:attachment":[{"href":"https:\/\/space.vauss.com.br\/en\/wp-json\/wp\/v2\/media?parent=2077"}],"curies":[{"name":"wp","href":"https:\/\/api.w.org\/{rel}","templated":true}]}}